{"id":6195,"date":"2020-08-12T10:07:04","date_gmt":"2020-08-12T08:07:04","guid":{"rendered":"https:\/\/www.sportechclub.io\/?page_id=6195"},"modified":"2022-10-22T20:40:49","modified_gmt":"2022-10-22T18:40:49","slug":"mentions-legales","status":"publish","type":"page","link":"https:\/\/www.sportechclub.io\/index.php\/mentions-legales\/","title":{"rendered":"Mentions l\u00e9gales"},"content":{"rendered":"\n<h4><strong>Editeur<\/strong><\/h4>\n\n\n\n<p class=\"has-text-align-left\">Propri\u00e9taire et cr\u00e9ateur du site internet:<br><strong>Sportechclub<\/strong><br>Soci\u00e9t\u00e9 par actions simplifi\u00e9es, au capital social de 5000 euros.<br>Si\u00e8ge: 19, Rue du Mus\u00e9e 13001 MARSEILLE<br>Site internet: www.sportechclub.io<br>SIREN: 884 693 573 &#8211; RCS de Marseille &#8211; SIRET: 88469357300021                 Code APE : 6201Z<\/p>\n\n\n\n<p>Directeur de la Publication : Lise Gastaldon<br>Email : contact@sportechclub.io<br>Pour toute question concernant l\u2019utilisation du site <strong>sportechclub.io<\/strong>, compl\u00e9tez le formulaire de demande en ligne disponible dans l&#8217;onglet Contact.<\/p>\n\n\n\n<h4><strong>H\u00e9bergement<\/strong><\/h4>\n\n\n\n<p>L\u2019h\u00e9bergement de ce site internet est assur\u00e9 par:<br><strong>OVH<\/strong><br>Soci\u00e9t\u00e9 par actions simplifi\u00e9e \u00e0 associ\u00e9 unique<br>inscrite au R.C.S. de Lille M\u00e9tropole sous le num\u00e9ro 424 761 419 00045<br>Dont le si\u00e8ge est situ\u00e9: 2 rue kellermann &#8211; 59100 Roubaix<\/p>\n\n\n\n<h4><strong>Conditions g\u00e9n\u00e9rales d&#8217;utilisation<\/strong><\/h4>\n\n\n\n<p>Les pr\u00e9sentes Conditions G\u00e9n\u00e9rales ont pour objet de d\u00e9finir les modalit\u00e9s de mise \u00e0 disposition des services du site <strong>sportechclub.io<\/strong>.<br>L\u2019utilisation du site <strong>sportechclub.io<\/strong> implique l\u2019acceptation pleine et enti\u00e8re des conditions g\u00e9n\u00e9rales d\u2019utilisation ci-apr\u00e8s d\u00e9crites.<br>Tout acc\u00e8s et\/ou utilisation du site <strong>sportechclub.io<\/strong> suppose l&#8217;acceptation et le respect de l&#8217;ensemble des termes des pr\u00e9sentes conditions et leur acceptation inconditionnelle. Dans le cas o\u00f9 l&#8217;Utilisateur ne souhaite pas accepter tout ou partie des pr\u00e9sentes conditions g\u00e9n\u00e9rales, il lui est demand\u00e9 de renoncer \u00e0 tout usage du Service.<br>Le site est mis \u00e0 jour r\u00e9guli\u00e8rement par la Soci\u00e9t\u00e9 Sportechclub. De la m\u00eame fa\u00e7on, les mentions l\u00e9gales peuvent \u00eatre modifi\u00e9es \u00e0 tout moment : elles s\u2019imposent n\u00e9anmoins \u00e0 l\u2019utilisateur qui est invit\u00e9 \u00e0 s\u2019y r\u00e9f\u00e9rer le plus souvent possible afin d\u2019en prendre connaissance.<\/p>\n\n\n\n<h4><strong>Description des services fournis<\/strong><\/h4>\n\n\n\n<p>Le site <strong>sportechclub.io<\/strong> a pour objet de fournir une information concernant l\u2019ensemble des activit\u00e9s et des services de la soci\u00e9t\u00e9 Sportechclub.<br>Toutes les informations indiqu\u00e9es sur le site <strong>sportechclub.io<\/strong> ne sont pas exhaustives. Elles sont donn\u00e9es \u00e0 titre indicatif et sont susceptibles d\u2019\u00e9voluer \u00e0 tout moment sans pr\u00e9avis.<br>La soci\u00e9t\u00e9 Sportechclub s\u2019efforce de fournir sur son site des informations aussi pr\u00e9cises que possible et d\u2019assurer leur mise \u00e0 jour au fur et \u00e0 mesure des \u00e9volutions apport\u00e9es \u00e0 ses produits et services.<\/p>\n\n\n\n<p>Toutefois, elle ne pourra en aucun cas \u00eatre tenue responsable des omissions, des inexactitudes et des carences dans la mise \u00e0 jour quant au contenu des pages du site, qu\u2019elles soient de son fait ou du fait des tiers partenaires qui lui fournissent ces informations.<br>Le Sportechclub ne saurait \u00eatre tenu pour responsable des dommages directs et indirects r\u00e9sultant de l\u2019acc\u00e8s ou de l\u2019usage du site.<\/p>\n\n\n\n<h4><strong>Propri\u00e9t\u00e9 intellectuelle et avertissement<\/strong><\/h4>\n\n\n\n<p>Le site et son contenu font l&#8217;objet d&#8217;une protection l\u00e9gale au titre de la propri\u00e9t\u00e9 litt\u00e9raire et artistique (droits d&#8217;auteurs, des interpr\u00e8tes\u2026) et de la propri\u00e9t\u00e9 industrielle (marques, dessins\u2026).<br>Il est interdit \u00e0 tout internaute de copier ou reproduire, par num\u00e9risation et tout autre moyen, sur quelque support que ce soit, tout ou partie du contenu du site, qu&#8217;il soit textuel, graphique ou sonore, sauf pour son usage propre.<br>Le non-respect de ces r\u00e8gles peut engager la responsabilit\u00e9 civile et p\u00e9nale du contrevenant.<br>Leur utilisation sans autorisation \u00e9crite de la part de la soci\u00e9t\u00e9 Sportechclub, sur tout support, \u00e0 des fins de valorisation de produits ou de services, notamment \u00e0 des fins commerciales, est interdite sous peine de poursuites p\u00e9nales et civiles.<\/p>\n\n\n\n<h4><strong>Limitations de responsabilit\u00e9<\/strong><\/h4>\n\n\n\n<p>Lorsqu\u2019il est permis aux utilisateurs de d\u00e9poser du contenu sur le site du Sportechclub, la soci\u00e9t\u00e9 se r\u00e9serve le droit de supprimer, sans mise en demeure pr\u00e9alable, tout contenu d\u00e9pos\u00e9 qui contreviendrait \u00e0 la l\u00e9gislation applicable en France, en particulier aux dispositions relatives \u00e0 la protection des donn\u00e9es.<br>Le cas \u00e9ch\u00e9ant, Sportechclub se r\u00e9serve \u00e9galement la possibilit\u00e9 de mettre en cause la responsabilit\u00e9 civile et\/ou p\u00e9nale de l\u2019utilisateur, notamment en cas de message \u00e0 caract\u00e8re raciste, injurieux, diffamant, ou pornographique, quel que soit le support utilis\u00e9 (texte, photographie\u2026).<\/p>\n\n\n\n<h4><strong>Protection des donn\u00e9es personnelles<\/strong><\/h4>\n\n\n\n<p>Vos donn\u00e9es personnelles recueillies en tant que clients, prospects, abonn\u00e9s, utilisateurs du site sont utilis\u00e9es dans le cadre de notre relation contractuelle et commerciale. Elles nous permettent de r\u00e9pondre aux int\u00e9r\u00eats l\u00e9gitimes poursuivis par le responsable de traitement des services internes habilit\u00e9s de la soci\u00e9t\u00e9.<\/p>\n\n\n\n<p>Conform\u00e9ment \u00e0 la loi Informatique et Libert\u00e9s n\u00b078-17 du 6 janvier 1978 modifi\u00e9e et au R\u00e8glement G\u00e9n\u00e9ral sur la Protection des Donn\u00e9es \u00e0 caract\u00e8re personnel n\u00b0 2016-679 du 27 avril 2016, les internautes (clients ou prospects) peuvent acc\u00e9der et obtenir copie des donn\u00e9es les concernant, s\u2019opposer au traitement de ces donn\u00e9es, les faire rectifier ou les faire effacer.<br>Ils disposent \u00e9galement d&#8217;un droit \u00e0 la limitation du traitement de leurs donn\u00e9es et \u00e0 leur portabilit\u00e9 (le cas \u00e9ch\u00e9ant).<br>Pour exercer ces droits ou contacter le responsable des donn\u00e9es personnelles pour toute information compl\u00e9mentaire ou r\u00e9clamation, il suffit de nous \u00e9crire par mail \u00e0: contact@sportechclub.io ou par courrier \u00e0 l\u2019adresse: Sportechclub &#8211; \u201cInformatique et Libert\u00e9s\u201d \u2013 19 Rue du Mus\u00e9e \u2013 13001 Marseille .<\/p>\n\n\n\n<p>Pour en savoir plus sur ces droits, vous pouvez aussi consulter le site de la <a href=\"https:\/\/www.cnil.fr\/professionnel\">CNIL.<\/a><br>Si vous estimez, apr\u00e8s nous avoir contact\u00e9s, que vos droits sur vos donn\u00e9es ne sont pas respect\u00e9s, vous pouvez&nbsp;adresser <a href=\"https:\/\/www.cnil.fr\/fr\/webform\/adresser-une-plainte\">une r\u00e9clamation (plainte) \u00e0 la CNIL.<\/a><\/p>\n\n\n\n<h4><strong>Liens hypertextes, cookies et g\u00e9olocalisation<\/strong><\/h4>\n\n\n\n<p>La navigation sur le site <strong>sportechclub.io<\/strong> est susceptible de provoquer l\u2019installation de cookie(s) sur l\u2019ordinateur de l\u2019utilisateur. Un cookie est un fichier de petite taille, qui ne permet pas l\u2019identification de l\u2019utilisateur, mais qui enregistre des informations relatives \u00e0 la navigation d\u2019un ordinateur sur un site. Les donn\u00e9es ainsi obtenues visent \u00e0 faciliter la navigation ult\u00e9rieure sur le site, et ont \u00e9galement vocation \u00e0 permettre diverses mesures de fr\u00e9quentation.<\/p>\n\n\n\n<p>Le refus d\u2019installation d\u2019un cookie peut entra\u00eener l\u2019impossibilit\u00e9 d\u2019acc\u00e9der \u00e0 certains services. L\u2019utilisateur peut toutefois configurer son ordinateur de la mani\u00e8re suivante, pour refuser l\u2019installation des cookies :<br>Sous Chrome : onglet Settings \/ Privacy and security. Cliquez sur Cookies and other site data et choisissez Block all cookies. Validez sur Ok.<br>Sous Qwant : onglet Param\u00e8tres \/ Vie priv\u00e9e. Cliquez sur Donn\u00e9es personnelles \/ Effacer les donn\u00e9es et choisissez cookies. Validez sur Effacer les donn\u00e9es.<\/p>\n\n\n\n<p>Le site <strong>sportechclub.io<\/strong> peut \u00eatre amen\u00e9 \u00e0 adapter certains de ces contenus en fonction de la localisation g\u00e9ographique pr\u00e9sum\u00e9e du visiteur. Les informations de g\u00e9olocalisation sont fournies par des tiers en fonction du lieu d\u2019o\u00f9 l\u2019utilisateur se connecte au site. Elles ne sont en aucun cas stock\u00e9es ou exploit\u00e9es.<\/p>\n\n\n\n<p>Le site <strong>sportechclub.io<\/strong> contient par ailleurs des liens hypertextes orientant l\u2019internaute vers d\u2019autres sites internet. Le Sportechclub n\u2019est pas responsable du contenu des informations accessibles via son site au moyen de ces liens hypertextes. Ainsi le Sportechclub ne peut garantir leur exactitude, mise \u00e0 jour, caract\u00e8re actuel et loyal, qui rel\u00e8vent de la seule et enti\u00e8re responsabilit\u00e9 des personnes auteurs ou propri\u00e9taires de ces sites.<\/p>\n\n\n\n<h4><strong>Lexique<\/strong><\/h4>\n\n\n\n<p>Utilisateur : Internaute se connectant, utilisant le site susnomm\u00e9.<\/p>\n\n\n\n<p>Donn\u00e9es \u00e0 caract\u00e8re personnel: toute information se rapportant \u00e0 une personne physique identifi\u00e9e ou identifiable (ou d\u00e9sign\u00e9e \u00abpersonne concern\u00e9e\u00bb) est r\u00e9put\u00e9e \u00eatre une \u00abpersonne physique identifiable\u00bb une personne physique qui peut \u00eatre identifi\u00e9e, directement ou indirectement, notamment par r\u00e9f\u00e9rence \u00e0 un identifiant, tel qu&#8217;un nom, un num\u00e9ro d&#8217;identification, des donn\u00e9es de localisation, un identifiant en ligne, ou \u00e0 un ou plusieurs \u00e9l\u00e9ments sp\u00e9cifiques propres \u00e0 son identit\u00e9 physique, physiologique, g\u00e9n\u00e9tique, psychique, \u00e9conomique, culturelle ou sociale.<\/p>\n","protected":false},"excerpt":{"rendered":"<p>Editeur Propri\u00e9taire et cr\u00e9ateur du site internet:SportechclubSoci\u00e9t\u00e9 par actions simplifi\u00e9es, au capital social de 5000 euros.Si\u00e8ge: 19, Rue du Mus\u00e9e 13001 MARSEILLESite internet: www.sportechclub.ioSIREN: 884 693 573 &#8211; RCS de&#8230;<\/p>\n","protected":false},"author":1,"featured_media":0,"parent":0,"menu_order":0,"comment_status":"closed","ping_status":"closed","template":"","meta":[],"yoast_head":"<!-- This site is optimized with the Yoast SEO plugin v14.0.4 - https:\/\/yoast.com\/wordpress\/plugins\/seo\/ -->\n<title>Mentions l\u00e9gales - Sportechclub<\/title>\n<meta name=\"robots\" content=\"index, follow\" \/>\n<meta name=\"googlebot\" content=\"index, follow, max-snippet:-1, max-image-preview:large, max-video-preview:-1\" \/>\n<meta name=\"bingbot\" content=\"index, follow, max-snippet:-1, max-image-preview:large, max-video-preview:-1\" \/>\n<link rel=\"canonical\" href=\"https:\/\/www.sportechclub.io\/index.php\/mentions-legales\/\" \/>\n<meta property=\"og:locale\" content=\"fr_FR\" \/>\n<meta property=\"og:type\" content=\"article\" \/>\n<meta property=\"og:title\" content=\"Mentions l\u00e9gales - Sportechclub\" \/>\n<meta property=\"og:description\" content=\"Editeur Propri\u00e9taire et cr\u00e9ateur du site internet:SportechclubSoci\u00e9t\u00e9 par actions simplifi\u00e9es, au capital social de 5000 euros.Si\u00e8ge: 19, Rue du Mus\u00e9e 13001 MARSEILLESite internet: www.sportechclub.ioSIREN: 884 693 573 &#8211; RCS de...\" \/>\n<meta property=\"og:url\" content=\"https:\/\/www.sportechclub.io\/index.php\/mentions-legales\/\" \/>\n<meta property=\"og:site_name\" content=\"Sportechclub\" \/>\n<meta property=\"article:modified_time\" content=\"2022-10-22T18:40:49+00:00\" \/>\n<meta name=\"twitter:card\" content=\"summary_large_image\" \/>\n<script type=\"application\/ld+json\" class=\"yoast-schema-graph\">{\"@context\":\"https:\/\/schema.org\",\"@graph\":[{\"@type\":\"Organization\",\"@id\":\"https:\/\/www.sportechclub.io\/#organization\",\"name\":\"Sportechclub\",\"url\":\"https:\/\/www.sportechclub.io\/\",\"sameAs\":[],\"logo\":{\"@type\":\"ImageObject\",\"@id\":\"https:\/\/www.sportechclub.io\/#logo\",\"inLanguage\":\"fr-FR\",\"url\":\"https:\/\/www.sportechclub.io\/wp-content\/uploads\/2020\/05\/logo1.png\",\"width\":512,\"height\":512,\"caption\":\"Sportechclub\"},\"image\":{\"@id\":\"https:\/\/www.sportechclub.io\/#logo\"}},{\"@type\":\"WebSite\",\"@id\":\"https:\/\/www.sportechclub.io\/#website\",\"url\":\"https:\/\/www.sportechclub.io\/\",\"name\":\"Sportechclub\",\"description\":\"Votre partenaire Data et Sport\",\"publisher\":{\"@id\":\"https:\/\/www.sportechclub.io\/#organization\"},\"potentialAction\":[{\"@type\":\"SearchAction\",\"target\":\"https:\/\/www.sportechclub.io\/?s={search_term_string}\",\"query-input\":\"required name=search_term_string\"}],\"inLanguage\":\"fr-FR\"},{\"@type\":\"WebPage\",\"@id\":\"https:\/\/www.sportechclub.io\/index.php\/mentions-legales\/#webpage\",\"url\":\"https:\/\/www.sportechclub.io\/index.php\/mentions-legales\/\",\"name\":\"Mentions l\\u00e9gales - Sportechclub\",\"isPartOf\":{\"@id\":\"https:\/\/www.sportechclub.io\/#website\"},\"datePublished\":\"2020-08-12T08:07:04+00:00\",\"dateModified\":\"2022-10-22T18:40:49+00:00\",\"inLanguage\":\"fr-FR\",\"potentialAction\":[{\"@type\":\"ReadAction\",\"target\":[\"https:\/\/www.sportechclub.io\/index.php\/mentions-legales\/\"]}]}]}<\/script>\n<!-- \/ Yoast SEO plugin. -->","_links":{"self":[{"href":"https:\/\/www.sportechclub.io\/index.php\/wp-json\/wp\/v2\/pages\/6195"}],"collection":[{"href":"https:\/\/www.sportechclub.io\/index.php\/wp-json\/wp\/v2\/pages"}],"about":[{"href":"https:\/\/www.sportechclub.io\/index.php\/wp-json\/wp\/v2\/types\/page"}],"author":[{"embeddable":true,"href":"https:\/\/www.sportechclub.io\/index.php\/wp-json\/wp\/v2\/users\/1"}],"replies":[{"embeddable":true,"href":"https:\/\/www.sportechclub.io\/index.php\/wp-json\/wp\/v2\/comments?post=6195"}],"version-history":[{"count":8,"href":"https:\/\/www.sportechclub.io\/index.php\/wp-json\/wp\/v2\/pages\/6195\/revisions"}],"predecessor-version":[{"id":6528,"href":"https:\/\/www.sportechclub.io\/index.php\/wp-json\/wp\/v2\/pages\/6195\/revisions\/6528"}],"wp:attachment":[{"href":"https:\/\/www.sportechclub.io\/index.php\/wp-json\/wp\/v2\/media?parent=6195"}],"curies":[{"name":"wp","href":"https:\/\/api.w.org\/{rel}","templated":true}]}}